{"id":27,"date":"2022-04-12T12:20:03","date_gmt":"2022-04-12T12:20:03","guid":{"rendered":"http:\/\/rethink.navigator.cpn.rs\/?page_id=27"},"modified":"2023-01-26T11:03:01","modified_gmt":"2023-01-26T11:03:01","slug":"okvir-kompetencija","status":"publish","type":"page","link":"https:\/\/rethink.navigator.cpn.rs\/?page_id=27","title":{"rendered":"Okvir kompetencija"},"content":{"rendered":"\n<div style=\"height:33px\" aria-hidden=\"true\" class=\"wp-block-spacer\"><\/div>\n\n\n\n<h1 class=\"wp-block-heading\" id=\"pocetak\"><a href=\"#pocetak\" data-type=\"internal\" data-id=\"#pocetak\">Okvir kompetencija<\/a><\/h1>\n\n\n\n<div style=\"height:71px\" aria-hidden=\"true\" class=\"wp-block-spacer\"><\/div>\n\n\n\n<div class=\"wp-block-columns is-layout-flex wp-container-core-columns-is-layout-9d6595d7 wp-block-columns-is-layout-flex\">\n<div class=\"wp-block-column is-layout-flow wp-block-column-is-layout-flow\" style=\"flex-basis:100%\">\n<div class=\"wp-block-columns is-layout-flex wp-container-core-columns-is-layout-9d6595d7 wp-block-columns-is-layout-flex\">\n<div class=\"wp-block-column is-layout-flow wp-block-column-is-layout-flow\">\n<style>\n\t#hotspot-347 .hotspots-image-container,\n\t#hotspot-347 .leaflet-container {\n\t\tbackground: #ffffff\t}\n\n\t#hotspot-347 .hotspots-placeholder {\n\t\tbackground: #2E2D29;\n\t\tborder: 0 #2E2D29 solid;\n\t\tcolor: #DFEBE5;\n\t}\n\n\t#hotspot-347 .hotspot-title {\n\t\tcolor: #93C7A4;\n\t}\n\n\t\t\t#hotspot-347 .hotspot-default {\n\t\t\tstroke-width: -1;\n\t\t\tfill: #ffffff;\n\t\t\tfill-opacity: 0;\n\t\t\tstroke: #ffffff;\n\t\t\tstroke-opacity: 0;\n\t\t}\n\t\t#hotspot-347 .hotspot-default:hover,\n\t\t#hotspot-347 .hotspot-default:focus-visible,\n\t\t#hotspot-347 .hotspot-default.hotspot-active {\n\t\t\tfill: #3CA2A2;\n\t\t\tfill-opacity: 0.31;\n\t\t\tstroke: #235B6E;\n\t\t\tstroke-opacity: 0.01;\n\t\t}\n\t\t#hotspot-347 .leaflet-tooltip,\n\t#hotspot-347 .leaflet-rrose-content-wrapper {\n\t\tbackground: #2E2D29;\n\t\tborder-color: #2E2D29;\n\t\tcolor: #DFEBE5;\n\t}\n\n\t#hotspot-347 a.leaflet-rrose-close-button {\n\t\tcolor: #93C7A4;\n\t}\n\n\t#hotspot-347 .leaflet-rrose-tip {\n\t\tbackground: #2E2D29;\n\t}\n\n\t#hotspot-347 .leaflet-popup-scrolled {\n\t\tborder-bottom-color: #DFEBE5;\n\t\tborder-top-color: #DFEBE5;\n\t}\n\n\t#hotspot-347 .leaflet-tooltip-top:before {\n\t\tborder-top-color: #2E2D29;\n\t}\n\n\t#hotspot-347 .leaflet-tooltip-bottom:before {\n\t\tborder-bottom-color: #2E2D29;\n\t}\n\t#hotspot-347 .leaflet-tooltip-left:before {\n\t\tborder-left-color: #2E2D29;\n\t}\n\t#hotspot-347 .leaflet-tooltip-right:before {\n\t\tborder-right-color: #2E2D29;\n\t}\n<\/style>\n\n\t\n\t<div class=\"hotspots-container links-only layout-left event-click\" id=\"hotspot-347\" data-layout=\"left\" data-trigger=\"click\">\n\t\t<div class=\"hotspots-interaction\">\n\t\t\t<div class=\"hotspots-image-container\">\n\t<img\n\t\twidth=\"458\"\n\t\theight=\"463\"\n\t\tsrc=\"https:\/\/rethink.navigator.cpn.rs\/wp-content\/uploads\/2022\/08\/zeleni.png\"\n\t\talt=\"test\"\n\t\tclass=\"hotspots-image skip-lazy\"\n\t\tusemap=\"#hotspots-image-347\"\n\t\tdata-image-title=\"test\"\n\t\tdata-image-description=\"\"\n\t\tdata-event-trigger=\"click\"\n\t\tdata-always-visible=\"false\"\n\t\tdata-id=\"347\"\n\t\tdata-no-lazy=\"1\"\n\t\tdata-lazy-src=\"\"\n\t\tdata-lazy=\"false\"\n\t\tloading=\"eager\"\n\t\tdata-skip-lazy=\"1\"\n\t\t>\n<\/div>\t\t<\/div>\n\t\t<map name=\"hotspots-image-347\" class=\"hotspots-map\">\n\t\t\t\t\t\t\t\t\t\t\t<area\n\t\t\t\t\tshape=\"polygon\"\n\t\t\t\t\tcoords=\"14,251,13,186,40,117,101,48,183,12,282,14,343,45,398,91,428,148,441,196,442,242,435,277,428,299,416,326,400,356,363,392,310,421,351,390,377,347,392,287,378,207,334,150,271,120,200,116,142,133,95,176,67,249,71,321,103,383,159,426,109,402,62,363,34,315\"\n\t\t\t\t\thref=\"#prvi_naslov\"\n\t\t\t\t\trel=\"\"\n\t\t\t\t\ttitle=\"\"\n\t\t\t\t\talt=\"\"\n\t\t\t\t\tdata-action=\"url\"\n\t\t\t\t\tdata-color-scheme=\"\"\n\t\t\t\t\ttarget=\"\"\n\t\t\t\t\tclass=\"url-area\"\n\t\t\t\t\t>\n\t\t\t\t\t\t\t\t\t\t\t<area\n\t\t\t\t\tshape=\"polygon\"\n\t\t\t\t\tcoords=\"112,162,134,143,160,128,192,118,213,115,222,114,231,114,256,117,282,123,305,135,321,144,337,156,357,179,365,192,373,204,379,218,383,232,387,250,390,276,388,304,384,320,379,336,368,356,361,370,352,381,346,388,340,395,325,407,311,416,301,422,283,430,269,434,258,435,275,427,292,418,307,405,316,393,326,376,333,357,336,338,335,319,331,301,325,285,318,273,311,262,303,253,293,245,281,237,269,231,256,226,242,224,225,223,205,225,188,230,176,236,163,244,157,249,153,252,140,266,133,277,126,290,121,304,120,319,119,342,125,367,134,387,151,408,160,416,167,420,173,424,163,423,152,420,136,410,121,399,107,386,88,363,76,337,68,313,65,301,65,286,65,263,70,235,78,207,93,185\"\n\t\t\t\t\thref=\"#drugi_naslov\"\n\t\t\t\t\trel=\"\"\n\t\t\t\t\ttitle=\"\"\n\t\t\t\t\talt=\"\"\n\t\t\t\t\tdata-action=\"url\"\n\t\t\t\t\tdata-color-scheme=\"\"\n\t\t\t\t\ttarget=\"\"\n\t\t\t\t\tclass=\"url-area\"\n\t\t\t\t\t>\n\t\t\t\t\t\t\t\t\t\t\t<area\n\t\t\t\t\tshape=\"polygon\"\n\t\t\t\t\tcoords=\"169,241,178,235,187,230,199,226,213,224,227,223,243,223,264,228,278,234,290,243,301,252,313,267,320,276,326,287,331,299,334,312,334,327,335,337,334,347,331,361,327,374,319,388,310,402,295,415,280,425,269,430,257,435,242,438,226,439,200,436,183,430,163,418,148,405,140,395,132,382,124,364,121,351,119,331,120,310,127,290,134,276,144,261,159,248\"\n\t\t\t\t\thref=\"#treci_naslov\"\n\t\t\t\t\trel=\"\"\n\t\t\t\t\ttitle=\"\"\n\t\t\t\t\talt=\"\"\n\t\t\t\t\tdata-action=\"url\"\n\t\t\t\t\tdata-color-scheme=\"\"\n\t\t\t\t\ttarget=\"\"\n\t\t\t\t\tclass=\"url-area\"\n\t\t\t\t\t>\n\t\t\t\t\t<\/map>\n\n\t\t\n\t\t\t\t\t\t\t\t\t\t\t\t<\/div>\n\n<\/div>\n\n\n\n<div class=\"wp-block-column is-layout-flow wp-block-column-is-layout-flow\">\n<p>Kao osnovu ovog Trening Navigatora, razvili smo okvir kompetencija nau\u010dne komunikacije. Okvir kompetencija oslanja se na postoje\u0107a istra\u017eivanja na temu treninga za nau\u010dnu komunikaciju. Tako\u0111e, okvir uzima u obzir uslove nau\u010dne komunikacije u okru\u017eenju digitalnih medija, po\u0161to oni imaju su\u0161tinski uticaj na nau\u010dnu komunikaciju.<\/p>\n\n\n\n<p><\/p>\n\n\n\n<p>Okvir kompetencija uklju\u010duje tri razli\u010dita, ali uzajamno zavisna sloja: osvrt na <strong>sliku sveta, profesionalne norme i uloge<\/strong> kao i <strong>radno znanje<\/strong>.<\/p>\n\n\n\n<p><\/p>\n\n\n\n<p>Za sa\u017eetak okvira kompetencija u PDF formatu za \u0161tampu, kliknite ispod:<\/p>\n\n\n\n<p><em>Tako\u0111e dostupno u Navigator folderu kao OkvirKompetencija.pdf <\/em><\/p>\n\n\n\n<div class=\"wp-block-buttons is-content-justification-center is-layout-flex wp-container-core-buttons-is-layout-16018d1d wp-block-buttons-is-layout-flex\">\n<div class=\"wp-block-button has-custom-width wp-block-button__width-75 has-custom-font-size is-style-fill has-large-font-size\"><a class=\"wp-block-button__link has-background wp-element-button\" href=\"https:\/\/rethink.navigator.cpn.rs\/wp-content\/uploads\/2022\/09\/Okvir_kompetencija_1.pdf\" style=\"border-radius:63px;background-color:#89d15f\" target=\"_blank\" rel=\"noreferrer noopener\">Okvir kompetencija<\/a><\/div>\n<\/div>\n<\/div>\n<\/div>\n<\/div>\n<\/div>\n\n\n\n<div style=\"height:183px\" aria-hidden=\"true\" class=\"wp-block-spacer\"><\/div>\n\n\n\n<h1 class=\"wp-block-heading\" id=\"prvi_naslov\"><a href=\"#prvi_naslov\" data-type=\"internal\" data-id=\"#prvi_naslov\">Sloj kompetencija br. 1: Slika sveta<\/a><\/h1>\n\n\n\n<div style=\"height:71px\" aria-hidden=\"true\" class=\"wp-block-spacer\"><\/div>\n\n\n\n<div class=\"wp-block-columns is-layout-flex wp-container-core-columns-is-layout-9d6595d7 wp-block-columns-is-layout-flex\">\n<div class=\"wp-block-column is-layout-flow wp-block-column-is-layout-flow\">\n<figure class=\"wp-block-image size-full is-resized\"><img loading=\"lazy\" decoding=\"async\" src=\"https:\/\/rethink.navigator.cpn.rs\/wp-content\/uploads\/2022\/09\/Screen-Shot-2022-09-01-at-12.45.57.png\" alt=\"\" class=\"wp-image-294\" width=\"514\" height=\"503\" srcset=\"https:\/\/rethink.navigator.cpn.rs\/wp-content\/uploads\/2022\/09\/Screen-Shot-2022-09-01-at-12.45.57.png 452w, https:\/\/rethink.navigator.cpn.rs\/wp-content\/uploads\/2022\/09\/Screen-Shot-2022-09-01-at-12.45.57-300x293.png 300w\" sizes=\"auto, (max-width: 514px) 100vw, 514px\" \/><\/figure>\n<\/div>\n\n\n\n<div class=\"wp-block-column is-layout-flow wp-block-column-is-layout-flow\">\n<p>Kompetencije koje se ti\u010du \u201eslike sveta\u201c odnose se na sveukupne mentalne modele i percepcije promenljivog sveta nau\u010dne komunikacije.<\/p>\n\n\n\n<p class=\"has-medium-font-size\">Ove kompetencije uklju\u010duju&#8230;<\/p>\n\n\n\n<ul class=\"wp-block-list\">\n<li>sveukupne \u201ementalne modele\u201c, i<\/li>\n\n\n\n<li>percepcije promenljivog dru\u0161tvenog okvira u kome se nau\u010dna komunikacija odvija i kako to uti\u010de na uslove za interakciju izme\u0111u nauke i dru\u0161tva. <\/li>\n<\/ul>\n\n\n\n<p class=\"has-medium-font-size\">Ove kompetencije se razvijaju kroz&#8230;<\/p>\n\n\n\n<ul class=\"wp-block-list\">\n<li>nove uvide i perspektive,<\/li>\n<\/ul>\n\n\n\n<ul class=\"wp-block-list\">\n<li>(vo\u0111ene) opservacije i refleksije, i<\/li>\n<\/ul>\n\n\n\n<ul class=\"wp-block-list\">\n<li>preispitivanje postoje\u0107eg na\u010dina razmi\u0161ljanja i pogleda na svet. <\/li>\n<\/ul>\n\n\n\n<p><\/p>\n\n\n\n<p>Za sa\u017eetak okvira kompetencija u PDF formatu za \u0161tampu, kliknite ispod: <\/p>\n\n\n\n<p><em>Tako\u0111e dostupno u Navigator folderu kao OkvirKompetencija.pdf <\/em><\/p>\n\n\n\n<div class=\"wp-block-buttons is-content-justification-center is-layout-flex wp-container-core-buttons-is-layout-16018d1d wp-block-buttons-is-layout-flex\">\n<div class=\"wp-block-button has-custom-width wp-block-button__width-75 has-custom-font-size has-large-font-size\"><a class=\"wp-block-button__link has-background wp-element-button\" href=\"https:\/\/rethink.navigator.cpn.rs\/wp-content\/uploads\/2022\/09\/Okvir_kompetencija_1.pdf\" style=\"border-radius:27px;background-color:#89d15f\" target=\"_blank\" rel=\"noreferrer noopener\">Okvir kompetencija<\/a><\/div>\n<\/div>\n\n\n\n<div class=\"wp-block-buttons is-layout-flex wp-block-buttons-is-layout-flex\"><\/div>\n<\/div>\n<\/div>\n\n\n\n<div class=\"wp-block-buttons is-content-justification-left is-nowrap is-layout-flex wp-container-core-buttons-is-layout-8123bb04 wp-block-buttons-is-layout-flex\">\n<div class=\"wp-block-button\" id=\"pocetak\"><a class=\"wp-block-button__link has-background wp-element-button\" href=\"#pocetak\" style=\"background-color:#89d15f\">Nazad<\/a><\/div>\n<\/div>\n\n\n\n<div style=\"height:118px\" aria-hidden=\"true\" class=\"wp-block-spacer\"><\/div>\n\n\n\n<h1 class=\"wp-block-heading\" id=\"drugi_naslov\"><a href=\"#drugi_naslov\" data-type=\"internal\" data-id=\"#drugi_naslov\">Sloj kompetencija br. 2: Profesionalne norme i uloge<\/a><\/h1>\n\n\n\n<div style=\"height:90px\" aria-hidden=\"true\" class=\"wp-block-spacer\"><\/div>\n\n\n\n<div class=\"wp-block-columns is-layout-flex wp-container-core-columns-is-layout-9d6595d7 wp-block-columns-is-layout-flex\">\n<div class=\"wp-block-column is-layout-flow wp-block-column-is-layout-flow\">\n<figure class=\"wp-block-image size-full\"><img loading=\"lazy\" decoding=\"async\" width=\"456\" height=\"456\" src=\"https:\/\/rethink.navigator.cpn.rs\/wp-content\/uploads\/2022\/09\/Screen-Shot-2022-09-01-at-12.46.12.png\" alt=\"\" class=\"wp-image-295\" srcset=\"https:\/\/rethink.navigator.cpn.rs\/wp-content\/uploads\/2022\/09\/Screen-Shot-2022-09-01-at-12.46.12.png 456w, https:\/\/rethink.navigator.cpn.rs\/wp-content\/uploads\/2022\/09\/Screen-Shot-2022-09-01-at-12.46.12-300x300.png 300w, https:\/\/rethink.navigator.cpn.rs\/wp-content\/uploads\/2022\/09\/Screen-Shot-2022-09-01-at-12.46.12-150x150.png 150w\" sizes=\"auto, (max-width: 456px) 100vw, 456px\" \/><\/figure>\n<\/div>\n\n\n\n<div class=\"wp-block-column is-layout-flow wp-block-column-is-layout-flow\">\n<p>Kompetencije na ovom nivou odnose se na profesionalne norme, vrednosti i percepcije uloga na koje je mogu\u0107e osvrnuti se i razviti ih u kontekstu treninga nau\u010dne komunikacije.<\/p>\n\n\n\n<p class=\"has-medium-font-size\">Ove kompetencije uklju\u010duju&#8230;<\/p>\n\n\n\n<ul class=\"wp-block-list\">\n<li>\u0161ta zna\u010di \u201ebiti profesionalan\u201c, i<\/li>\n\n\n\n<li>vode\u0107e norme, vrednosti, zahteve i uzore koje je razvila nau\u010dna komunikacija kao polje prakse. <\/li>\n<\/ul>\n\n\n\n<p class=\"has-medium-font-size\">Ove kompetencije se razvijaju kroz&#8230;<\/p>\n\n\n\n<ul class=\"wp-block-list\">\n<li>samopercepciju uloga i percepciju drugih,<\/li>\n\n\n\n<li>upoznavanje sa profesionalnim standardima, a obuhvata i njihovo usvajanje, i<\/li>\n\n\n\n<li>interakciju, (samo)refeksiju, povratne informacije, razvoj i prilago\u0111avanje profesionalnih stavova.<\/li>\n<\/ul>\n\n\n\n<p><\/p>\n\n\n\n<p>Za sa\u017eetak okvira kompetencija u PDF formatu za \u0161tampu, kliknite ispod: <\/p>\n\n\n\n<p><em>Tako\u0111e dostupno u navigator folderu kao \u201cOkvirKompetencija.pdf \u201d<\/em><\/p>\n\n\n\n<div class=\"wp-block-buttons is-content-justification-center is-layout-flex wp-container-core-buttons-is-layout-16018d1d wp-block-buttons-is-layout-flex\">\n<div class=\"wp-block-button has-custom-width wp-block-button__width-75 has-custom-font-size has-large-font-size\"><a class=\"wp-block-button__link has-background wp-element-button\" href=\"https:\/\/rethink.navigator.cpn.rs\/wp-content\/uploads\/2022\/09\/Okvir_kompetencija_1.pdf\" style=\"background-color:#89d15f\" target=\"_blank\" rel=\"noreferrer noopener\">Okvir kompetencija<\/a><\/div>\n<\/div>\n<\/div>\n<\/div>\n\n\n\n<div class=\"wp-block-buttons is-layout-flex wp-block-buttons-is-layout-flex\">\n<div class=\"wp-block-button\" id=\"pocetak\"><a class=\"wp-block-button__link has-background wp-element-button\" href=\"#pocetak\" style=\"border-radius:100px;background-color:#89d15f\">Nazad<\/a><\/div>\n<\/div>\n\n\n\n<div style=\"height:148px\" aria-hidden=\"true\" class=\"wp-block-spacer\"><\/div>\n\n\n\n<h1 class=\"wp-block-heading\" id=\"treci_naslov\"><a href=\"#treci_naslov\" data-type=\"internal\" data-id=\"#treci_naslov\">Sloj kompetencija br. 3: Radno znanje<\/a><\/h1>\n\n\n\n<div style=\"height:110px\" aria-hidden=\"true\" class=\"wp-block-spacer\"><\/div>\n\n\n\n<div class=\"wp-block-columns is-layout-flex wp-container-core-columns-is-layout-9d6595d7 wp-block-columns-is-layout-flex\">\n<div class=\"wp-block-column is-layout-flow wp-block-column-is-layout-flow\">\n<figure class=\"wp-block-image size-full\"><img loading=\"lazy\" decoding=\"async\" width=\"426\" height=\"426\" src=\"https:\/\/rethink.navigator.cpn.rs\/wp-content\/uploads\/2022\/09\/Screen-Shot-2022-09-01-at-12.45.43.png\" alt=\"\" class=\"wp-image-298\" srcset=\"https:\/\/rethink.navigator.cpn.rs\/wp-content\/uploads\/2022\/09\/Screen-Shot-2022-09-01-at-12.45.43.png 426w, https:\/\/rethink.navigator.cpn.rs\/wp-content\/uploads\/2022\/09\/Screen-Shot-2022-09-01-at-12.45.43-300x300.png 300w, https:\/\/rethink.navigator.cpn.rs\/wp-content\/uploads\/2022\/09\/Screen-Shot-2022-09-01-at-12.45.43-150x150.png 150w\" sizes=\"auto, (max-width: 426px) 100vw, 426px\" \/><\/figure>\n<\/div>\n\n\n\n<div class=\"wp-block-column is-layout-flow wp-block-column-is-layout-flow\">\n<p>Kompetencije na nivou radnog znanja odnose se na ve\u0161tine i prakse u svakodnevnoj upotrebi nau\u010dne komunikacije.<\/p>\n\n\n\n<p class=\"has-medium-font-size\">Ove kompetencije uklju\u010duju&#8230;<\/p>\n\n\n\n<ul class=\"wp-block-list\">\n<li>ve\u0161tine i prakti\u010dno znanje, i<\/li>\n\n\n\n<li>sposobnost no\u0161enja sa tehni\u010dkim, strate\u0161kim i operativnim zahtevima svakodnevne prakse nau\u010dne komunikacije. <\/li>\n<\/ul>\n\n\n\n<p class=\"has-medium-font-size\">Ove kompetencije razvijaju se kroz&#8230;<\/p>\n\n\n\n<ul class=\"wp-block-list\">\n<li>upoznavanje modela, metoda i tehnika,<\/li>\n\n\n\n<li>prakti\u010dni trening, i<\/li>\n\n\n\n<li>analizu problema i neuspeha i tra\u017eenje na\u010dina za pobolj\u0161anje. <\/li>\n<\/ul>\n\n\n\n<p>Za sa\u017eetak Okvira kompetencija u PDF formatu za \u0161tampu, kliknite ispod: <\/p>\n\n\n\n<p><em>Tako\u0111e dostupno u Navigator folderu kao OkvirKompetencija.pdf <\/em><\/p>\n\n\n\n<div class=\"wp-block-buttons is-content-justification-center is-layout-flex wp-container-core-buttons-is-layout-16018d1d wp-block-buttons-is-layout-flex\">\n<div class=\"wp-block-button has-custom-width wp-block-button__width-75 has-custom-font-size has-large-font-size\"><a class=\"wp-block-button__link has-background wp-element-button\" href=\"https:\/\/rethink.navigator.cpn.rs\/wp-content\/uploads\/2022\/09\/Okvir_kompetencija_1.pdf\" style=\"background-color:#89d15f\" target=\"_blank\" rel=\"noreferrer noopener\">Okvir kompetencija<\/a><\/div>\n<\/div>\n<\/div>\n<\/div>\n\n\n\n<div class=\"wp-block-buttons is-layout-flex wp-block-buttons-is-layout-flex\">\n<div class=\"wp-block-button\" id=\"pocetak\"><a class=\"wp-block-button__link has-background wp-element-button\" href=\"#pocetak\" style=\"border-radius:100px;background-color:#89d15f\">Nazad<\/a><\/div>\n<\/div>\n","protected":false},"excerpt":{"rendered":"<p>Okvir kompetencija Kao osnovu ovog Trening Navigatora, razvili smo okvir kompetencija nau\u010dne komunikacije. Okvir kompetencija oslanja se na postoje\u0107a istra\u017eivanja na temu treninga za nau\u010dnu komunikaciju. Tako\u0111e, okvir uzima u obzir uslove nau\u010dne komunikacije u okru\u017eenju digitalnih medija, po\u0161to oni imaju su\u0161tinski uticaj na nau\u010dnu komunikaciju. Okvir kompetencija uklju\u010duje tri razli\u010dita, ali uzajamno zavisna sloja: &#8230; <a title=\"Okvir kompetencija\" class=\"read-more\" href=\"https:\/\/rethink.navigator.cpn.rs\/?page_id=27\" aria-label=\"Read more about Okvir kompetencija\">Read more<\/a><\/p>\n","protected":false},"author":1,"featured_media":0,"parent":0,"menu_order":0,"comment_status":"closed","ping_status":"closed","template":"","meta":{"footnotes":""},"class_list":["post-27","page","type-page","status-publish"],"_links":{"self":[{"href":"https:\/\/rethink.navigator.cpn.rs\/index.php?rest_route=\/wp\/v2\/pages\/27","targetHints":{"allow":["GET"]}}],"collection":[{"href":"https:\/\/rethink.navigator.cpn.rs\/index.php?rest_route=\/wp\/v2\/pages"}],"about":[{"href":"https:\/\/rethink.navigator.cpn.rs\/index.php?rest_route=\/wp\/v2\/types\/page"}],"author":[{"embeddable":true,"href":"https:\/\/rethink.navigator.cpn.rs\/index.php?rest_route=\/wp\/v2\/users\/1"}],"replies":[{"embeddable":true,"href":"https:\/\/rethink.navigator.cpn.rs\/index.php?rest_route=%2Fwp%2Fv2%2Fcomments&post=27"}],"version-history":[{"count":41,"href":"https:\/\/rethink.navigator.cpn.rs\/index.php?rest_route=\/wp\/v2\/pages\/27\/revisions"}],"predecessor-version":[{"id":905,"href":"https:\/\/rethink.navigator.cpn.rs\/index.php?rest_route=\/wp\/v2\/pages\/27\/revisions\/905"}],"wp:attachment":[{"href":"https:\/\/rethink.navigator.cpn.rs\/index.php?rest_route=%2Fwp%2Fv2%2Fmedia&parent=27"}],"curies":[{"name":"wp","href":"https:\/\/api.w.org\/{rel}","templated":true}]}}