{"id":44,"date":"2022-04-13T06:18:50","date_gmt":"2022-04-13T06:18:50","guid":{"rendered":"https:\/\/rethink.navigator.cpn.rs\/?page_id=44"},"modified":"2023-01-16T09:41:11","modified_gmt":"2023-01-16T09:41:11","slug":"home","status":"publish","type":"page","link":"https:\/\/rethink.navigator.cpn.rs\/","title":{"rendered":""},"content":{"rendered":"\n<div style=\"height:155px\" aria-hidden=\"true\" class=\"wp-block-spacer\"><\/div>\n\n\n\n<div class=\"wp-block-columns is-layout-flex wp-container-core-columns-is-layout-9d6595d7 wp-block-columns-is-layout-flex\">\n<div class=\"wp-block-column is-layout-flow wp-block-column-is-layout-flow\" style=\"flex-basis:50%\">\n<h1 class=\"wp-block-heading\"><strong>RETHINK trening Navigator za nau\u010dnu komunikaciju<\/strong><\/h1>\n<\/div>\n\n\n\n<div class=\"wp-block-column is-layout-flow wp-block-column-is-layout-flow\" style=\"flex-basis:50%\">\n<h3 class=\"has-large-font-size wp-block-heading\" style=\"font-style:normal;font-weight:400\"><em>Materijal za trening nau\u010dnih komunikatora u promenljivom svetu nau\u010dne komunikacije<\/em><\/h3>\n<\/div>\n<\/div>\n\n\n\n<div class=\"wp-block-columns is-layout-flex wp-container-core-columns-is-layout-9d6595d7 wp-block-columns-is-layout-flex\">\n<div class=\"wp-block-column is-layout-flow wp-block-column-is-layout-flow\">\n<div class=\"wp-block-columns is-layout-flex wp-container-core-columns-is-layout-9d6595d7 wp-block-columns-is-layout-flex\">\n<div class=\"wp-block-column is-layout-flow wp-block-column-is-layout-flow\">\n<figure class=\"wp-block-image size-full\"><img loading=\"lazy\" decoding=\"async\" width=\"386\" height=\"385\" src=\"https:\/\/rethink.navigator.cpn.rs\/wp-content\/uploads\/2022\/04\/strelice.png\" alt=\"\" class=\"wp-image-94\" srcset=\"https:\/\/rethink.navigator.cpn.rs\/wp-content\/uploads\/2022\/04\/strelice.png 386w, https:\/\/rethink.navigator.cpn.rs\/wp-content\/uploads\/2022\/04\/strelice-300x300.png 300w, https:\/\/rethink.navigator.cpn.rs\/wp-content\/uploads\/2022\/04\/strelice-150x150.png 150w\" sizes=\"auto, (max-width: 386px) 100vw, 386px\" \/><\/figure>\n<\/div>\n\n\n\n<div class=\"wp-block-column is-layout-flow wp-block-column-is-layout-flow\">\n<figure class=\"wp-block-image size-full\"><img loading=\"lazy\" decoding=\"async\" width=\"386\" height=\"385\" src=\"https:\/\/rethink.navigator.cpn.rs\/wp-content\/uploads\/2022\/04\/krugovi.png\" alt=\"\" class=\"wp-image-95\" srcset=\"https:\/\/rethink.navigator.cpn.rs\/wp-content\/uploads\/2022\/04\/krugovi.png 386w, https:\/\/rethink.navigator.cpn.rs\/wp-content\/uploads\/2022\/04\/krugovi-300x300.png 300w, https:\/\/rethink.navigator.cpn.rs\/wp-content\/uploads\/2022\/04\/krugovi-150x150.png 150w\" sizes=\"auto, (max-width: 386px) 100vw, 386px\" \/><\/figure>\n<\/div>\n<\/div>\n<\/div>\n\n\n\n<div class=\"wp-block-column is-layout-flow wp-block-column-is-layout-flow\">\n<div class=\"wp-block-columns is-layout-flex wp-container-core-columns-is-layout-9d6595d7 wp-block-columns-is-layout-flex\">\n<div class=\"wp-block-column is-layout-flow wp-block-column-is-layout-flow\">\n<figure class=\"wp-block-image size-full\"><img loading=\"lazy\" decoding=\"async\" width=\"386\" height=\"385\" src=\"https:\/\/rethink.navigator.cpn.rs\/wp-content\/uploads\/2022\/10\/spicevi.png\" alt=\"\" class=\"wp-image-490\" srcset=\"https:\/\/rethink.navigator.cpn.rs\/wp-content\/uploads\/2022\/10\/spicevi.png 386w, https:\/\/rethink.navigator.cpn.rs\/wp-content\/uploads\/2022\/10\/spicevi-300x300.png 300w, https:\/\/rethink.navigator.cpn.rs\/wp-content\/uploads\/2022\/10\/spicevi-150x150.png 150w\" sizes=\"auto, (max-width: 386px) 100vw, 386px\" \/><\/figure>\n<\/div>\n\n\n\n<div class=\"wp-block-column is-layout-flow wp-block-column-is-layout-flow\">\n<figure class=\"wp-block-image size-full\"><img loading=\"lazy\" decoding=\"async\" width=\"386\" height=\"385\" src=\"https:\/\/rethink.navigator.cpn.rs\/wp-content\/uploads\/2022\/10\/plava-figura.png\" alt=\"\" class=\"wp-image-488\" srcset=\"https:\/\/rethink.navigator.cpn.rs\/wp-content\/uploads\/2022\/10\/plava-figura.png 386w, https:\/\/rethink.navigator.cpn.rs\/wp-content\/uploads\/2022\/10\/plava-figura-300x300.png 300w, https:\/\/rethink.navigator.cpn.rs\/wp-content\/uploads\/2022\/10\/plava-figura-150x150.png 150w\" sizes=\"auto, (max-width: 386px) 100vw, 386px\" \/><\/figure>\n<\/div>\n<\/div>\n<\/div>\n<\/div>\n\n\n\n<div style=\"height:76px\" aria-hidden=\"true\" class=\"wp-block-spacer\"><\/div>\n\n\n\n<div class=\"wp-block-columns is-layout-flex wp-container-core-columns-is-layout-9d6595d7 wp-block-columns-is-layout-flex\">\n<div class=\"wp-block-column is-layout-flow wp-block-column-is-layout-flow\" style=\"flex-basis:33.33%\"><div class=\"wp-block-image\">\n<figure class=\"aligncenter size-large is-resized\"><img loading=\"lazy\" decoding=\"async\" src=\"https:\/\/rethink.navigator.cpn.rs\/wp-content\/uploads\/2022\/10\/eu-2-1024x702.jpg\" alt=\"\" class=\"wp-image-378\" width=\"211\" height=\"145\" srcset=\"https:\/\/rethink.navigator.cpn.rs\/wp-content\/uploads\/2022\/10\/eu-2-1024x702.jpg 1024w, https:\/\/rethink.navigator.cpn.rs\/wp-content\/uploads\/2022\/10\/eu-2-300x206.jpg 300w, https:\/\/rethink.navigator.cpn.rs\/wp-content\/uploads\/2022\/10\/eu-2-768x527.jpg 768w, https:\/\/rethink.navigator.cpn.rs\/wp-content\/uploads\/2022\/10\/eu-2.jpg 1044w\" sizes=\"auto, (max-width: 211px) 100vw, 211px\" \/><\/figure><\/div><\/div>\n\n\n\n<div class=\"wp-block-column is-vertically-aligned-center is-layout-flow wp-block-column-is-layout-flow\" style=\"flex-basis:66.66%\">\n<p>Ovaj projekat finansiran je kroz program Evropske unije Horizont 2020 za istra\u017eivanje i razvoj u okviru Ugovora o bespovratnom finansiranju br. 824573<\/p>\n<\/div>\n<\/div>\n","protected":false},"excerpt":{"rendered":"<p>RETHINK trening Navigator za nau\u010dnu komunikaciju Materijal za trening nau\u010dnih komunikatora u promenljivom svetu nau\u010dne komunikacije Ovaj projekat finansiran je kroz program Evropske unije Horizont 2020 za istra\u017eivanje i razvoj u okviru Ugovora o bespovratnom finansiranju br. 824573<\/p>\n","protected":false},"author":1,"featured_media":0,"parent":0,"menu_order":0,"comment_status":"closed","ping_status":"closed","template":"","meta":{"footnotes":""},"class_list":["post-44","page","type-page","status-publish"],"_links":{"self":[{"href":"https:\/\/rethink.navigator.cpn.rs\/index.php?rest_route=\/wp\/v2\/pages\/44","targetHints":{"allow":["GET"]}}],"collection":[{"href":"https:\/\/rethink.navigator.cpn.rs\/index.php?rest_route=\/wp\/v2\/pages"}],"about":[{"href":"https:\/\/rethink.navigator.cpn.rs\/index.php?rest_route=\/wp\/v2\/types\/page"}],"author":[{"embeddable":true,"href":"https:\/\/rethink.navigator.cpn.rs\/index.php?rest_route=\/wp\/v2\/users\/1"}],"replies":[{"embeddable":true,"href":"https:\/\/rethink.navigator.cpn.rs\/index.php?rest_route=%2Fwp%2Fv2%2Fcomments&post=44"}],"version-history":[{"count":34,"href":"https:\/\/rethink.navigator.cpn.rs\/index.php?rest_route=\/wp\/v2\/pages\/44\/revisions"}],"predecessor-version":[{"id":872,"href":"https:\/\/rethink.navigator.cpn.rs\/index.php?rest_route=\/wp\/v2\/pages\/44\/revisions\/872"}],"wp:attachment":[{"href":"https:\/\/rethink.navigator.cpn.rs\/index.php?rest_route=%2Fwp%2Fv2%2Fmedia&parent=44"}],"curies":[{"name":"wp","href":"https:\/\/api.w.org\/{rel}","templated":true}]}}